{"id":14991,"date":"2024-01-03T11:05:30","date_gmt":"2024-01-03T11:05:30","guid":{"rendered":"https:\/\/www.globedental.eu\/de\/?page_id=14991"},"modified":"2024-01-03T11:06:08","modified_gmt":"2024-01-03T11:06:08","slug":"balatonkenese","status":"publish","type":"page","link":"https:\/\/www.globedental.eu\/de\/balatonkenese\/","title":{"rendered":"balatonkenese"},"content":{"rendered":"\t\t<div data-elementor-type=\"wp-page\" data-elementor-id=\"14991\" class=\"elementor elementor-14991\" data-elementor-post-type=\"page\">\n\t\t\t\t\t\t<section class=\"elementor-section elementor-top-section elementor-element elementor-element-5c684bc elementor-section-boxed elementor-section-height-default elementor-section-height-default\" data-id=\"5c684bc\" data-element_type=\"section\" data-e-type=\"section\">\n\t\t\t\t\t\t<div class=\"elementor-container elementor-column-gap-default\">\n\t\t\t\t\t<div class=\"elementor-column elementor-col-100 elementor-top-column elementor-element elementor-element-8fa8b52\" data-id=\"8fa8b52\" data-element_type=\"column\" data-e-type=\"column\">\n\t\t\t<div class=\"elementor-widget-wrap elementor-element-populated\">\n\t\t\t\t\t\t<section class=\"elementor-section elementor-inner-section elementor-element elementor-element-ed44d63 elementor-section-content-middle elementor-reverse-tablet elementor-reverse-mobile elementor-section-boxed elementor-section-height-default elementor-section-height-default\" data-id=\"ed44d63\" data-element_type=\"section\" data-e-type=\"section\">\n\t\t\t\t\t\t<div class=\"elementor-container elementor-column-gap-no\">\n\t\t\t\t\t<div class=\"elementor-column elementor-col-50 elementor-inner-column elementor-element elementor-element-50e5e3e\" data-id=\"50e5e3e\" data-element_type=\"column\" data-e-type=\"column\">\n\t\t\t<div class=\"elementor-widget-wrap elementor-element-populated\">\n\t\t\t\t\t\t<div class=\"elementor-element elementor-element-7c49b38 elementor-widget elementor-widget-text-editor\" data-id=\"7c49b38\" data-element_type=\"widget\" data-e-type=\"widget\" data-widget_type=\"text-editor.default\">\n\t\t\t\t<div class=\"elementor-widget-container\">\n\t\t\t\t\t\t\t\t\t<p>Ich freue mich darauf, Sie bald unter unseren zufriedenen Patienten begr\u00fc\u00dfen zu d\u00fcrfen. Kontaktieren Sie uns!<\/p>\t\t\t\t\t\t\t\t<\/div>\n\t\t\t\t<\/div>\n\t\t\t\t<div class=\"elementor-element elementor-element-a612f11 elementor-widget elementor-widget-testimonial\" data-id=\"a612f11\" data-element_type=\"widget\" data-e-type=\"widget\" data-widget_type=\"testimonial.default\">\n\t\t\t\t<div class=\"elementor-widget-container\">\n\t\t\t\t\t\t\t<div class=\"elementor-testimonial-wrapper\">\n\t\t\t\n\t\t\t\t\t\t<div class=\"elementor-testimonial-meta elementor-has-image elementor-testimonial-image-position-aside\">\n\t\t\t\t<div class=\"elementor-testimonial-meta-inner\">\n\t\t\t\t\t\t\t\t\t\t\t<div class=\"elementor-testimonial-image\">\n\t\t\t\t\t\t\t<img fetchpriority=\"high\" decoding=\"async\" width=\"750\" height=\"743\" src=\"https:\/\/www.globedental.eu\/de\/wp-content\/uploads\/2021\/07\/Globe-Dental-Dr.-Thury-Vivien.jpg\" class=\"attachment-full size-full wp-image-7819\" alt=\"\" srcset=\"https:\/\/www.globedental.eu\/de\/wp-content\/uploads\/2021\/07\/Globe-Dental-Dr.-Thury-Vivien.jpg 750w, https:\/\/www.globedental.eu\/de\/wp-content\/uploads\/2021\/07\/Globe-Dental-Dr.-Thury-Vivien-300x297.jpg 300w, https:\/\/www.globedental.eu\/de\/wp-content\/uploads\/2021\/07\/Globe-Dental-Dr.-Thury-Vivien-150x150.jpg 150w\" sizes=\"(max-width: 750px) 100vw, 750px\" \/>\t\t\t\t\t\t<\/div>\n\t\t\t\t\t\n\t\t\t\t\t\t\t\t\t\t<div class=\"elementor-testimonial-details\">\n\t\t\t\t\t\t\t\t\t\t\t\t\t\t<div class=\"elementor-testimonial-name\">Dr. Vivien Thury<\/div>\n\t\t\t\t\t\t\t\t\t\t\t\t\t\t\t\t\t\t\t\t\t\t<div class=\"elementor-testimonial-job\">Praxisleiterin und praktizierende Zahn\u00e4rztin der Globe Dental Privat \u2013 und Oral Chierurgischen Zahnkliniken in Balatonkenese und Budapest.<\/div>\n\t\t\t\t\t\t\t\t\t\t\t\t\t<\/div>\n\t\t\t\t\t\t\t\t\t<\/div>\n\t\t\t<\/div>\n\t\t\t\t\t<\/div>\n\t\t\t\t\t\t<\/div>\n\t\t\t\t<\/div>\n\t\t\t\t\t<\/div>\n\t\t<\/div>\n\t\t\t\t<div class=\"elementor-column elementor-col-50 elementor-inner-column elementor-element elementor-element-84fafab\" data-id=\"84fafab\" data-element_type=\"column\" data-e-type=\"column\">\n\t\t\t<div class=\"elementor-widget-wrap elementor-element-populated\">\n\t\t\t\t\t\t<div class=\"elementor-element elementor-element-5d6e58f elementor-button-align-stretch elementor-widget elementor-widget-form\" data-id=\"5d6e58f\" data-element_type=\"widget\" data-e-type=\"widget\" data-settings=\"{&quot;step_next_label&quot;:&quot;Next&quot;,&quot;step_previous_label&quot;:&quot;Previous&quot;,&quot;button_width&quot;:&quot;100&quot;,&quot;step_type&quot;:&quot;number_text&quot;,&quot;step_icon_shape&quot;:&quot;circle&quot;}\" data-widget_type=\"form.default\">\n\t\t\t\t<div class=\"elementor-widget-container\">\n\t\t\t\t\t\t\t<form class=\"elementor-form\" method=\"post\" name=\"Globe Dental Kapcsolat oldal\" aria-label=\"Globe Dental Kapcsolat oldal\">\n\t\t\t<input type=\"hidden\" name=\"post_id\" value=\"14991\"\/>\n\t\t\t<input type=\"hidden\" name=\"form_id\" value=\"5d6e58f\"\/>\n\t\t\t<input type=\"hidden\" name=\"referer_title\" value=\"balatonkenese - Zahnklinik Globe Dental Ungarn\" \/>\n\n\t\t\t\t\t\t\t<input type=\"hidden\" name=\"queried_id\" value=\"14991\"\/>\n\t\t\t\n\t\t\t<div class=\"elementor-form-fields-wrapper elementor-labels-\">\n\t\t\t\t\t\t\t\t<div class=\"elementor-field-type-text elementor-field-group elementor-column elementor-field-group-name elementor-col-100 elementor-field-required\">\n\t\t\t\t\t\t\t\t\t\t\t\t<label for=\"form-field-name\" class=\"elementor-field-label elementor-screen-only\">\n\t\t\t\t\t\t\t\tName\t\t\t\t\t\t\t<\/label>\n\t\t\t\t\t\t\t\t\t\t\t\t\t\t<input size=\"1\" type=\"text\" name=\"form_fields[name]\" id=\"form-field-name\" class=\"elementor-field elementor-size-md  elementor-field-textual\" placeholder=\"Name\" required=\"required\">\n\t\t\t\t\t\t\t\t\t\t\t<\/div>\n\t\t\t\t\t\t\t\t<div class=\"elementor-field-type-email elementor-field-group elementor-column elementor-field-group-email elementor-col-100 elementor-field-required\">\n\t\t\t\t\t\t\t\t\t\t\t\t<label for=\"form-field-email\" class=\"elementor-field-label elementor-screen-only\">\n\t\t\t\t\t\t\t\tIhre E-mail-adresse\t\t\t\t\t\t\t<\/label>\n\t\t\t\t\t\t\t\t\t\t\t\t\t\t<input size=\"1\" type=\"email\" name=\"form_fields[email]\" id=\"form-field-email\" class=\"elementor-field elementor-size-md  elementor-field-textual\" placeholder=\"Ihre E-mail-adresse\" required=\"required\">\n\t\t\t\t\t\t\t\t\t\t\t<\/div>\n\t\t\t\t\t\t\t\t<div class=\"elementor-field-type-tel elementor-field-group elementor-column elementor-field-group-field_1 elementor-col-100 elementor-field-required\">\n\t\t\t\t\t\t\t\t\t\t\t\t<label for=\"form-field-field_1\" class=\"elementor-field-label elementor-screen-only\">\n\t\t\t\t\t\t\t\tTelefonnumer\t\t\t\t\t\t\t<\/label>\n\t\t\t\t\t\t\t\t<input size=\"1\" type=\"tel\" name=\"form_fields[field_1]\" id=\"form-field-field_1\" class=\"elementor-field elementor-size-md  elementor-field-textual\" placeholder=\"Telefonnumer\" required=\"required\" pattern=\"[0-9()#&amp;+*-=.]+\" title=\"Only numbers and phone characters (#, -, *, etc) are accepted.\">\n\n\t\t\t\t\t\t<\/div>\n\t\t\t\t\t\t\t\t<div class=\"elementor-field-type-textarea elementor-field-group elementor-column elementor-field-group-message elementor-col-100\">\n\t\t\t\t\t\t\t\t\t\t\t\t<label for=\"form-field-message\" class=\"elementor-field-label elementor-screen-only\">\n\t\t\t\t\t\t\t\tIhre Nachricht\t\t\t\t\t\t\t<\/label>\n\t\t\t\t\t\t<textarea class=\"elementor-field-textual elementor-field  elementor-size-md\" name=\"form_fields[message]\" id=\"form-field-message\" rows=\"4\" placeholder=\"Ihre Nachricht\"><\/textarea>\t\t\t\t<\/div>\n\t\t\t\t\t\t\t\t<div class=\"elementor-field-type-acceptance elementor-field-group elementor-column elementor-field-group-field_f7d140a elementor-col-100 elementor-field-required\">\n\t\t\t\t\t\t\t<div class=\"elementor-field-subgroup\">\n\t\t\t<span class=\"elementor-field-option\">\n\t\t\t\t<input type=\"checkbox\" name=\"form_fields[field_f7d140a]\" id=\"form-field-field_f7d140a\" class=\"elementor-field elementor-size-md  elementor-acceptance-field\" required=\"required\">\n\t\t\t\t<label for=\"form-field-field_f7d140a\"><span style=\"color: #1a1a1a;\">Ich akzeptiere die  <span style=\"color: #336699;\"><a style=\"color: #336699;\" href=\"http:\/\/globedental.eu\/aszf\"><b>Datenschutzerkl\u00e4rung.<\/b><\/a><\/span> <\/span><\/label>\t\t\t<\/span>\n\t\t<\/div>\n\t\t\t\t\t\t<\/div>\n\t\t\t\t\t\t\t\t<div class=\"elementor-field-group elementor-column elementor-field-type-submit elementor-col-100 e-form__buttons\">\n\t\t\t\t\t<button class=\"elementor-button elementor-size-lg\" type=\"submit\">\n\t\t\t\t\t\t<span class=\"elementor-button-content-wrapper\">\n\t\t\t\t\t\t\t\t\t\t\t\t\t\t\t\t\t\t\t\t\t\t<span class=\"elementor-button-text\">SENDEN<\/span>\n\t\t\t\t\t\t\t\t\t\t\t\t\t<\/span>\n\t\t\t\t\t<\/button>\n\t\t\t\t<\/div>\n\t\t\t<\/div>\n\t\t<\/form>\n\t\t\t\t\t\t<\/div>\n\t\t\t\t<\/div>\n\t\t\t\t\t<\/div>\n\t\t<\/div>\n\t\t\t\t\t<\/div>\n\t\t<\/section>\n\t\t\t\t\t<\/div>\n\t\t<\/div>\n\t\t\t\t\t<\/div>\n\t\t<\/section>\n\t\t\t\t<\/div>\n\t\t","protected":false},"excerpt":{"rendered":"<p>Ich freue mich darauf, Sie bald unter unseren zufriedenen Patienten begr\u00fc\u00dfen zu d\u00fcrfen. Kontaktieren Sie uns! Dr. Vivien Thury Praxisleiterin und praktizierende Zahn\u00e4rztin der Globe Dental Privat \u2013 und Oral Chierurgischen Zahnkliniken in Balatonkenese und Budapest.<\/p>\n","protected":false},"author":1,"featured_media":0,"parent":0,"menu_order":0,"comment_status":"closed","ping_status":"closed","template":"","meta":{"footnotes":""},"class_list":["post-14991","page","type-page","status-publish","hentry"],"yoast_head":"<!-- This site is optimized with the Yoast SEO plugin v27.2 - https:\/\/yoast.com\/product\/yoast-seo-wordpress\/ -->\n<title>balatonkenese - Zahnklinik Globe Dental Ungarn<\/title>\n<meta name=\"robots\" content=\"index, follow, max-snippet:-1, max-image-preview:large, max-video-preview:-1\" \/>\n<link rel=\"canonical\" href=\"https:\/\/www.globedental.eu\/de\/balatonkenese\/\" \/>\n<meta property=\"og:locale\" content=\"hu_HU\" \/>\n<meta property=\"og:type\" content=\"article\" \/>\n<meta property=\"og:title\" content=\"balatonkenese - Zahnklinik Globe Dental Ungarn\" \/>\n<meta property=\"og:description\" content=\"Ich freue mich darauf, Sie bald unter unseren zufriedenen Patienten begr\u00fc\u00dfen zu d\u00fcrfen. Kontaktieren Sie uns! Dr. Vivien Thury Praxisleiterin und praktizierende Zahn\u00e4rztin der Globe Dental Privat \u2013 und Oral Chierurgischen Zahnkliniken in Balatonkenese und Budapest.\" \/>\n<meta property=\"og:url\" content=\"https:\/\/www.globedental.eu\/de\/balatonkenese\/\" \/>\n<meta property=\"og:site_name\" content=\"Zahnklinik Globe Dental Ungarn\" \/>\n<meta property=\"article:modified_time\" content=\"2024-01-03T11:06:08+00:00\" \/>\n<meta property=\"og:image\" content=\"https:\/\/www.globedental.eu\/de\/wp-content\/uploads\/2021\/07\/Globe-Dental-Dr.-Thury-Vivien.jpg\" \/>\n<meta name=\"twitter:card\" content=\"summary_large_image\" \/>\n<meta name=\"twitter:label1\" content=\"Becs\u00fclt olvas\u00e1si id\u0151\" \/>\n\t<meta name=\"twitter:data1\" content=\"1 perc\" \/>\n<script type=\"application\/ld+json\" class=\"yoast-schema-graph\">{\"@context\":\"https:\/\/schema.org\",\"@graph\":[{\"@type\":\"WebPage\",\"@id\":\"https:\/\/www.globedental.eu\/de\/balatonkenese\/\",\"url\":\"https:\/\/www.globedental.eu\/de\/balatonkenese\/\",\"name\":\"balatonkenese - Zahnklinik Globe Dental Ungarn\",\"isPartOf\":{\"@id\":\"https:\/\/www.globedental.eu\/de\/#website\"},\"primaryImageOfPage\":{\"@id\":\"https:\/\/www.globedental.eu\/de\/balatonkenese\/#primaryimage\"},\"image\":{\"@id\":\"https:\/\/www.globedental.eu\/de\/balatonkenese\/#primaryimage\"},\"thumbnailUrl\":\"https:\/\/www.globedental.eu\/de\/wp-content\/uploads\/2021\/07\/Globe-Dental-Dr.-Thury-Vivien.jpg\",\"datePublished\":\"2024-01-03T11:05:30+00:00\",\"dateModified\":\"2024-01-03T11:06:08+00:00\",\"breadcrumb\":{\"@id\":\"https:\/\/www.globedental.eu\/de\/balatonkenese\/#breadcrumb\"},\"inLanguage\":\"hu\",\"potentialAction\":[{\"@type\":\"ReadAction\",\"target\":[\"https:\/\/www.globedental.eu\/de\/balatonkenese\/\"]}]},{\"@type\":\"ImageObject\",\"inLanguage\":\"hu\",\"@id\":\"https:\/\/www.globedental.eu\/de\/balatonkenese\/#primaryimage\",\"url\":\"https:\/\/www.globedental.eu\/de\/wp-content\/uploads\/2021\/07\/Globe-Dental-Dr.-Thury-Vivien.jpg\",\"contentUrl\":\"https:\/\/www.globedental.eu\/de\/wp-content\/uploads\/2021\/07\/Globe-Dental-Dr.-Thury-Vivien.jpg\",\"width\":750,\"height\":743},{\"@type\":\"BreadcrumbList\",\"@id\":\"https:\/\/www.globedental.eu\/de\/balatonkenese\/#breadcrumb\",\"itemListElement\":[{\"@type\":\"ListItem\",\"position\":1,\"name\":\"Home\",\"item\":\"https:\/\/www.globedental.eu\/de\/\"},{\"@type\":\"ListItem\",\"position\":2,\"name\":\"balatonkenese\"}]},{\"@type\":\"WebSite\",\"@id\":\"https:\/\/www.globedental.eu\/de\/#website\",\"url\":\"https:\/\/www.globedental.eu\/de\/\",\"name\":\"Zahnklinik Globe Dental Ungarn\",\"description\":\"...egy \u00fajabb WordPress honlap...\",\"potentialAction\":[{\"@type\":\"SearchAction\",\"target\":{\"@type\":\"EntryPoint\",\"urlTemplate\":\"https:\/\/www.globedental.eu\/de\/?s={search_term_string}\"},\"query-input\":{\"@type\":\"PropertyValueSpecification\",\"valueRequired\":true,\"valueName\":\"search_term_string\"}}],\"inLanguage\":\"hu\"}]}<\/script>\n<!-- \/ Yoast SEO plugin. -->","yoast_head_json":{"title":"balatonkenese - Zahnklinik Globe Dental Ungarn","robots":{"index":"index","follow":"follow","max-snippet":"max-snippet:-1","max-image-preview":"max-image-preview:large","max-video-preview":"max-video-preview:-1"},"canonical":"https:\/\/www.globedental.eu\/de\/balatonkenese\/","og_locale":"hu_HU","og_type":"article","og_title":"balatonkenese - Zahnklinik Globe Dental Ungarn","og_description":"Ich freue mich darauf, Sie bald unter unseren zufriedenen Patienten begr\u00fc\u00dfen zu d\u00fcrfen. Kontaktieren Sie uns! Dr. Vivien Thury Praxisleiterin und praktizierende Zahn\u00e4rztin der Globe Dental Privat \u2013 und Oral Chierurgischen Zahnkliniken in Balatonkenese und Budapest.","og_url":"https:\/\/www.globedental.eu\/de\/balatonkenese\/","og_site_name":"Zahnklinik Globe Dental Ungarn","article_modified_time":"2024-01-03T11:06:08+00:00","og_image":[{"url":"https:\/\/www.globedental.eu\/de\/wp-content\/uploads\/2021\/07\/Globe-Dental-Dr.-Thury-Vivien.jpg","type":"","width":"","height":""}],"twitter_card":"summary_large_image","twitter_misc":{"Becs\u00fclt olvas\u00e1si id\u0151":"1 perc"},"schema":{"@context":"https:\/\/schema.org","@graph":[{"@type":"WebPage","@id":"https:\/\/www.globedental.eu\/de\/balatonkenese\/","url":"https:\/\/www.globedental.eu\/de\/balatonkenese\/","name":"balatonkenese - Zahnklinik Globe Dental Ungarn","isPartOf":{"@id":"https:\/\/www.globedental.eu\/de\/#website"},"primaryImageOfPage":{"@id":"https:\/\/www.globedental.eu\/de\/balatonkenese\/#primaryimage"},"image":{"@id":"https:\/\/www.globedental.eu\/de\/balatonkenese\/#primaryimage"},"thumbnailUrl":"https:\/\/www.globedental.eu\/de\/wp-content\/uploads\/2021\/07\/Globe-Dental-Dr.-Thury-Vivien.jpg","datePublished":"2024-01-03T11:05:30+00:00","dateModified":"2024-01-03T11:06:08+00:00","breadcrumb":{"@id":"https:\/\/www.globedental.eu\/de\/balatonkenese\/#breadcrumb"},"inLanguage":"hu","potentialAction":[{"@type":"ReadAction","target":["https:\/\/www.globedental.eu\/de\/balatonkenese\/"]}]},{"@type":"ImageObject","inLanguage":"hu","@id":"https:\/\/www.globedental.eu\/de\/balatonkenese\/#primaryimage","url":"https:\/\/www.globedental.eu\/de\/wp-content\/uploads\/2021\/07\/Globe-Dental-Dr.-Thury-Vivien.jpg","contentUrl":"https:\/\/www.globedental.eu\/de\/wp-content\/uploads\/2021\/07\/Globe-Dental-Dr.-Thury-Vivien.jpg","width":750,"height":743},{"@type":"BreadcrumbList","@id":"https:\/\/www.globedental.eu\/de\/balatonkenese\/#breadcrumb","itemListElement":[{"@type":"ListItem","position":1,"name":"Home","item":"https:\/\/www.globedental.eu\/de\/"},{"@type":"ListItem","position":2,"name":"balatonkenese"}]},{"@type":"WebSite","@id":"https:\/\/www.globedental.eu\/de\/#website","url":"https:\/\/www.globedental.eu\/de\/","name":"Zahnklinik Globe Dental Ungarn","description":"...egy \u00fajabb WordPress honlap...","potentialAction":[{"@type":"SearchAction","target":{"@type":"EntryPoint","urlTemplate":"https:\/\/www.globedental.eu\/de\/?s={search_term_string}"},"query-input":{"@type":"PropertyValueSpecification","valueRequired":true,"valueName":"search_term_string"}}],"inLanguage":"hu"}]}},"_links":{"self":[{"href":"https:\/\/www.globedental.eu\/de\/wp-json\/wp\/v2\/pages\/14991","targetHints":{"allow":["GET"]}}],"collection":[{"href":"https:\/\/www.globedental.eu\/de\/wp-json\/wp\/v2\/pages"}],"about":[{"href":"https:\/\/www.globedental.eu\/de\/wp-json\/wp\/v2\/types\/page"}],"author":[{"embeddable":true,"href":"https:\/\/www.globedental.eu\/de\/wp-json\/wp\/v2\/users\/1"}],"replies":[{"embeddable":true,"href":"https:\/\/www.globedental.eu\/de\/wp-json\/wp\/v2\/comments?post=14991"}],"version-history":[{"count":3,"href":"https:\/\/www.globedental.eu\/de\/wp-json\/wp\/v2\/pages\/14991\/revisions"}],"predecessor-version":[{"id":14994,"href":"https:\/\/www.globedental.eu\/de\/wp-json\/wp\/v2\/pages\/14991\/revisions\/14994"}],"wp:attachment":[{"href":"https:\/\/www.globedental.eu\/de\/wp-json\/wp\/v2\/media?parent=14991"}],"curies":[{"name":"wp","href":"https:\/\/api.w.org\/{rel}","templated":true}]}}