{"id":16506,"date":"2024-05-16T13:01:38","date_gmt":"2024-05-16T13:01:38","guid":{"rendered":"https:\/\/www.globedental.eu\/de\/?page_id=16506"},"modified":"2024-05-16T13:03:57","modified_gmt":"2024-05-16T13:03:57","slug":"impressum","status":"publish","type":"page","link":"https:\/\/www.globedental.eu\/de\/impressum\/","title":{"rendered":"Impressum"},"content":{"rendered":"\t\t<div data-elementor-type=\"wp-page\" data-elementor-id=\"16506\" class=\"elementor elementor-16506\" data-elementor-post-type=\"page\">\n\t\t\t\t<div class=\"elementor-element elementor-element-ff9eeeb e-flex e-con-boxed e-con e-parent\" data-id=\"ff9eeeb\" data-element_type=\"container\" data-e-type=\"container\">\n\t\t\t\t\t<div class=\"e-con-inner\">\n\t\t\t\t<div class=\"elementor-element elementor-element-58d5fab elementor-widget elementor-widget-heading\" data-id=\"58d5fab\" data-element_type=\"widget\" data-e-type=\"widget\" data-widget_type=\"heading.default\">\n\t\t\t\t<div class=\"elementor-widget-container\">\n\t\t\t\t\t<h2 class=\"elementor-heading-title elementor-size-default\">Impressum<\/h2>\t\t\t\t<\/div>\n\t\t\t\t<\/div>\n\t\t\t\t<div class=\"elementor-element elementor-element-6025dec elementor-widget elementor-widget-text-editor\" data-id=\"6025dec\" data-element_type=\"widget\" data-e-type=\"widget\" data-widget_type=\"text-editor.default\">\n\t\t\t\t<div class=\"elementor-widget-container\">\n\t\t\t\t\t\t\t\t\t<p>Betreiber der Website:<br \/>Firmenname: THURY DENT Kft.<br \/>Sitz\/ Postanschrift: 8174 Balatonkenese, F\u0151 u. 25.<br \/>Telefonnummer: 06-1-5333-100<br \/>E-Mail-Adresse:\u00a0<a href=\"mailto:globedental@gmail.com\" target=\"_blank\" rel=\"noopener\">globedental@gmail.com<\/a><br \/>Registergericht: Gericht Veszpr\u00e9m<br \/>Firmenregistrierungsnummer: 19-09-510425<br \/>Zust\u00e4ndige Beh\u00f6rde und deren Kontaktdaten: Regierungsb\u00fcro des Komitats Veszpr\u00e9m, Bezirksb\u00fcro Balatonf\u00fcred, 8200 Veszpr\u00e9m, Megyeh\u00e1z t\u00e9r 1., 06-88-579-300<br \/>Betriebsgenehmigungsnummer: VE-03\/NEO\/1624-2\/2020<br \/>Steuernummer: 13839772-2-19<br \/>Name des Hosting-Providers: T\u00e1rhely.eu Kft.<br \/>Sitz, Telefonnummer und E-Mail-Adresse des Hosting-Providers: 1144 Budapest, Orm\u00e1ns\u00e1g u. 4., 06-1-789-2789,\u00a0<a href=\"mailto:iroda@tarhely.eu\" target=\"_blank\" rel=\"noopener\">iroda@tarhely.eu<\/a><\/p>\t\t\t\t\t\t\t\t<\/div>\n\t\t\t\t<\/div>\n\t\t\t\t\t<\/div>\n\t\t\t\t<\/div>\n\t\t\t\t<\/div>\n\t\t","protected":false},"excerpt":{"rendered":"<p>Impressum Betreiber der Website:Firmenname: THURY DENT Kft.Sitz\/ Postanschrift: 8174 Balatonkenese, F\u0151 u. 25.Telefonnummer: 06-1-5333-100E-Mail-Adresse:\u00a0globedental@gmail.comRegistergericht: Gericht Veszpr\u00e9mFirmenregistrierungsnummer: 19-09-510425Zust\u00e4ndige Beh\u00f6rde und deren Kontaktdaten: Regierungsb\u00fcro des Komitats Veszpr\u00e9m, Bezirksb\u00fcro Balatonf\u00fcred, 8200 Veszpr\u00e9m, Megyeh\u00e1z t\u00e9r 1., 06-88-579-300Betriebsgenehmigungsnummer: VE-03\/NEO\/1624-2\/2020Steuernummer: 13839772-2-19Name des Hosting-Providers: T\u00e1rhely.eu Kft.Sitz, Telefonnummer und E-Mail-Adresse des Hosting-Providers: 1144 Budapest, Orm\u00e1ns\u00e1g u. 4., 06-1-789-2789,\u00a0iroda@tarhely.eu<\/p>\n","protected":false},"author":1,"featured_media":0,"parent":0,"menu_order":0,"comment_status":"closed","ping_status":"closed","template":"","meta":{"footnotes":""},"class_list":["post-16506","page","type-page","status-publish","hentry"],"yoast_head":"<!-- This site is optimized with the Yoast SEO plugin v27.2 - https:\/\/yoast.com\/product\/yoast-seo-wordpress\/ -->\n<title>Impressum - Zahnklinik Globe Dental Ungarn<\/title>\n<meta name=\"robots\" content=\"index, follow, max-snippet:-1, max-image-preview:large, max-video-preview:-1\" \/>\n<link rel=\"canonical\" href=\"https:\/\/www.globedental.eu\/de\/impressum\/\" \/>\n<meta property=\"og:locale\" content=\"hu_HU\" \/>\n<meta property=\"og:type\" content=\"article\" \/>\n<meta property=\"og:title\" content=\"Impressum - Zahnklinik Globe Dental Ungarn\" \/>\n<meta property=\"og:description\" content=\"Impressum Betreiber der Website:Firmenname: THURY DENT Kft.Sitz\/ Postanschrift: 8174 Balatonkenese, F\u0151 u. 25.Telefonnummer: 06-1-5333-100E-Mail-Adresse:\u00a0globedental@gmail.comRegistergericht: Gericht Veszpr\u00e9mFirmenregistrierungsnummer: 19-09-510425Zust\u00e4ndige Beh\u00f6rde und deren Kontaktdaten: Regierungsb\u00fcro des Komitats Veszpr\u00e9m, Bezirksb\u00fcro Balatonf\u00fcred, 8200 Veszpr\u00e9m, Megyeh\u00e1z t\u00e9r 1., 06-88-579-300Betriebsgenehmigungsnummer: VE-03\/NEO\/1624-2\/2020Steuernummer: 13839772-2-19Name des Hosting-Providers: T\u00e1rhely.eu Kft.Sitz, Telefonnummer und E-Mail-Adresse des Hosting-Providers: 1144 Budapest, Orm\u00e1ns\u00e1g u. 4., 06-1-789-2789,\u00a0iroda@tarhely.eu\" \/>\n<meta property=\"og:url\" content=\"https:\/\/www.globedental.eu\/de\/impressum\/\" \/>\n<meta property=\"og:site_name\" content=\"Zahnklinik Globe Dental Ungarn\" \/>\n<meta property=\"article:modified_time\" content=\"2024-05-16T13:03:57+00:00\" \/>\n<meta name=\"twitter:card\" content=\"summary_large_image\" \/>\n<meta name=\"twitter:label1\" content=\"Becs\u00fclt olvas\u00e1si id\u0151\" \/>\n\t<meta name=\"twitter:data1\" content=\"1 perc\" \/>\n<script type=\"application\/ld+json\" class=\"yoast-schema-graph\">{\"@context\":\"https:\/\/schema.org\",\"@graph\":[{\"@type\":\"WebPage\",\"@id\":\"https:\/\/www.globedental.eu\/de\/impressum\/\",\"url\":\"https:\/\/www.globedental.eu\/de\/impressum\/\",\"name\":\"Impressum - Zahnklinik Globe Dental Ungarn\",\"isPartOf\":{\"@id\":\"https:\/\/www.globedental.eu\/de\/#website\"},\"datePublished\":\"2024-05-16T13:01:38+00:00\",\"dateModified\":\"2024-05-16T13:03:57+00:00\",\"breadcrumb\":{\"@id\":\"https:\/\/www.globedental.eu\/de\/impressum\/#breadcrumb\"},\"inLanguage\":\"hu\",\"potentialAction\":[{\"@type\":\"ReadAction\",\"target\":[\"https:\/\/www.globedental.eu\/de\/impressum\/\"]}]},{\"@type\":\"BreadcrumbList\",\"@id\":\"https:\/\/www.globedental.eu\/de\/impressum\/#breadcrumb\",\"itemListElement\":[{\"@type\":\"ListItem\",\"position\":1,\"name\":\"Home\",\"item\":\"https:\/\/www.globedental.eu\/de\/\"},{\"@type\":\"ListItem\",\"position\":2,\"name\":\"Impressum\"}]},{\"@type\":\"WebSite\",\"@id\":\"https:\/\/www.globedental.eu\/de\/#website\",\"url\":\"https:\/\/www.globedental.eu\/de\/\",\"name\":\"Zahnklinik Globe Dental Ungarn\",\"description\":\"...egy \u00fajabb WordPress honlap...\",\"potentialAction\":[{\"@type\":\"SearchAction\",\"target\":{\"@type\":\"EntryPoint\",\"urlTemplate\":\"https:\/\/www.globedental.eu\/de\/?s={search_term_string}\"},\"query-input\":{\"@type\":\"PropertyValueSpecification\",\"valueRequired\":true,\"valueName\":\"search_term_string\"}}],\"inLanguage\":\"hu\"}]}<\/script>\n<!-- \/ Yoast SEO plugin. -->","yoast_head_json":{"title":"Impressum - Zahnklinik Globe Dental Ungarn","robots":{"index":"index","follow":"follow","max-snippet":"max-snippet:-1","max-image-preview":"max-image-preview:large","max-video-preview":"max-video-preview:-1"},"canonical":"https:\/\/www.globedental.eu\/de\/impressum\/","og_locale":"hu_HU","og_type":"article","og_title":"Impressum - Zahnklinik Globe Dental Ungarn","og_description":"Impressum Betreiber der Website:Firmenname: THURY DENT Kft.Sitz\/ Postanschrift: 8174 Balatonkenese, F\u0151 u. 25.Telefonnummer: 06-1-5333-100E-Mail-Adresse:\u00a0globedental@gmail.comRegistergericht: Gericht Veszpr\u00e9mFirmenregistrierungsnummer: 19-09-510425Zust\u00e4ndige Beh\u00f6rde und deren Kontaktdaten: Regierungsb\u00fcro des Komitats Veszpr\u00e9m, Bezirksb\u00fcro Balatonf\u00fcred, 8200 Veszpr\u00e9m, Megyeh\u00e1z t\u00e9r 1., 06-88-579-300Betriebsgenehmigungsnummer: VE-03\/NEO\/1624-2\/2020Steuernummer: 13839772-2-19Name des Hosting-Providers: T\u00e1rhely.eu Kft.Sitz, Telefonnummer und E-Mail-Adresse des Hosting-Providers: 1144 Budapest, Orm\u00e1ns\u00e1g u. 4., 06-1-789-2789,\u00a0iroda@tarhely.eu","og_url":"https:\/\/www.globedental.eu\/de\/impressum\/","og_site_name":"Zahnklinik Globe Dental Ungarn","article_modified_time":"2024-05-16T13:03:57+00:00","twitter_card":"summary_large_image","twitter_misc":{"Becs\u00fclt olvas\u00e1si id\u0151":"1 perc"},"schema":{"@context":"https:\/\/schema.org","@graph":[{"@type":"WebPage","@id":"https:\/\/www.globedental.eu\/de\/impressum\/","url":"https:\/\/www.globedental.eu\/de\/impressum\/","name":"Impressum - Zahnklinik Globe Dental Ungarn","isPartOf":{"@id":"https:\/\/www.globedental.eu\/de\/#website"},"datePublished":"2024-05-16T13:01:38+00:00","dateModified":"2024-05-16T13:03:57+00:00","breadcrumb":{"@id":"https:\/\/www.globedental.eu\/de\/impressum\/#breadcrumb"},"inLanguage":"hu","potentialAction":[{"@type":"ReadAction","target":["https:\/\/www.globedental.eu\/de\/impressum\/"]}]},{"@type":"BreadcrumbList","@id":"https:\/\/www.globedental.eu\/de\/impressum\/#breadcrumb","itemListElement":[{"@type":"ListItem","position":1,"name":"Home","item":"https:\/\/www.globedental.eu\/de\/"},{"@type":"ListItem","position":2,"name":"Impressum"}]},{"@type":"WebSite","@id":"https:\/\/www.globedental.eu\/de\/#website","url":"https:\/\/www.globedental.eu\/de\/","name":"Zahnklinik Globe Dental Ungarn","description":"...egy \u00fajabb WordPress honlap...","potentialAction":[{"@type":"SearchAction","target":{"@type":"EntryPoint","urlTemplate":"https:\/\/www.globedental.eu\/de\/?s={search_term_string}"},"query-input":{"@type":"PropertyValueSpecification","valueRequired":true,"valueName":"search_term_string"}}],"inLanguage":"hu"}]}},"_links":{"self":[{"href":"https:\/\/www.globedental.eu\/de\/wp-json\/wp\/v2\/pages\/16506","targetHints":{"allow":["GET"]}}],"collection":[{"href":"https:\/\/www.globedental.eu\/de\/wp-json\/wp\/v2\/pages"}],"about":[{"href":"https:\/\/www.globedental.eu\/de\/wp-json\/wp\/v2\/types\/page"}],"author":[{"embeddable":true,"href":"https:\/\/www.globedental.eu\/de\/wp-json\/wp\/v2\/users\/1"}],"replies":[{"embeddable":true,"href":"https:\/\/www.globedental.eu\/de\/wp-json\/wp\/v2\/comments?post=16506"}],"version-history":[{"count":7,"href":"https:\/\/www.globedental.eu\/de\/wp-json\/wp\/v2\/pages\/16506\/revisions"}],"predecessor-version":[{"id":16513,"href":"https:\/\/www.globedental.eu\/de\/wp-json\/wp\/v2\/pages\/16506\/revisions\/16513"}],"wp:attachment":[{"href":"https:\/\/www.globedental.eu\/de\/wp-json\/wp\/v2\/media?parent=16506"}],"curies":[{"name":"wp","href":"https:\/\/api.w.org\/{rel}","templated":true}]}}