{"id":2844,"date":"2020-05-01T08:38:13","date_gmt":"2020-05-01T08:38:13","guid":{"rendered":"http:\/\/globedental.eu\/new\/de\/?page_id=2844"},"modified":"2025-11-11T14:33:41","modified_gmt":"2025-11-11T14:33:41","slug":"preise","status":"publish","type":"page","link":"https:\/\/www.globedental.eu\/de\/preise\/","title":{"rendered":"Preise"},"content":{"rendered":"\t\t<div data-elementor-type=\"wp-page\" data-elementor-id=\"2844\" class=\"elementor elementor-2844\" data-elementor-post-type=\"page\">\n\t\t\t\t\t\t<section class=\"elementor-section elementor-top-section elementor-element elementor-element-1d357359 elementor-section-height-min-height elementor-section-boxed elementor-section-height-default elementor-section-items-middle\" data-id=\"1d357359\" data-element_type=\"section\" data-e-type=\"section\" data-settings=\"{&quot;background_background&quot;:&quot;classic&quot;}\">\n\t\t\t\t\t\t\t<div class=\"elementor-background-overlay\"><\/div>\n\t\t\t\t\t\t\t<div class=\"elementor-container elementor-column-gap-default\">\n\t\t\t\t\t<div class=\"elementor-column elementor-col-100 elementor-top-column elementor-element elementor-element-e26e53c\" data-id=\"e26e53c\" data-element_type=\"column\" data-e-type=\"column\">\n\t\t\t<div class=\"elementor-widget-wrap elementor-element-populated\">\n\t\t\t\t\t\t<div class=\"elementor-element elementor-element-2a8a5ddc elementor-invisible elementor-widget elementor-widget-heading\" data-id=\"2a8a5ddc\" data-element_type=\"widget\" data-e-type=\"widget\" data-settings=\"{&quot;_animation&quot;:&quot;fadeInDown&quot;}\" data-widget_type=\"heading.default\">\n\t\t\t\t<div class=\"elementor-widget-container\">\n\t\t\t\t\t<h1 class=\"elementor-heading-title elementor-size-default\">Preise<\/h1>\t\t\t\t<\/div>\n\t\t\t\t<\/div>\n\t\t\t\t\t<\/div>\n\t\t<\/div>\n\t\t\t\t\t<\/div>\n\t\t<\/section>\n\t\t\t\t<section class=\"elementor-section elementor-top-section elementor-element elementor-element-54f962de elementor-section-boxed elementor-section-height-default elementor-section-height-default\" data-id=\"54f962de\" data-element_type=\"section\" data-e-type=\"section\">\n\t\t\t\t\t\t<div class=\"elementor-container elementor-column-gap-default\">\n\t\t\t\t\t<div class=\"elementor-column elementor-col-100 elementor-top-column elementor-element elementor-element-1a2f7e78\" data-id=\"1a2f7e78\" data-element_type=\"column\" data-e-type=\"column\">\n\t\t\t<div class=\"elementor-widget-wrap elementor-element-populated\">\n\t\t\t\t\t\t<div class=\"elementor-element elementor-element-156a257f elementor-widget elementor-widget-heading\" data-id=\"156a257f\" data-element_type=\"widget\" data-e-type=\"widget\" data-widget_type=\"heading.default\">\n\t\t\t\t<div class=\"elementor-widget-container\">\n\t\t\t\t\t<h2 class=\"elementor-heading-title elementor-size-default\">Sch\u00f6ne Z\u00e4hne \u2013 eine langfristige L\u00f6sung zu einem erschwinglichen Preis<\/h2>\t\t\t\t<\/div>\n\t\t\t\t<\/div>\n\t\t\t\t<div class=\"elementor-element elementor-element-6fcfb69c elementor-widget-divider--view-line elementor-widget elementor-widget-divider\" data-id=\"6fcfb69c\" data-element_type=\"widget\" data-e-type=\"widget\" data-widget_type=\"divider.default\">\n\t\t\t\t<div class=\"elementor-widget-container\">\n\t\t\t\t\t\t\t<div class=\"elementor-divider\">\n\t\t\t<span class=\"elementor-divider-separator\">\n\t\t\t\t\t\t<\/span>\n\t\t<\/div>\n\t\t\t\t\t\t<\/div>\n\t\t\t\t<\/div>\n\t\t\t\t<div class=\"elementor-element elementor-element-3f640e87 elementor-widget elementor-widget-text-editor\" data-id=\"3f640e87\" data-element_type=\"widget\" data-e-type=\"widget\" data-widget_type=\"text-editor.default\">\n\t\t\t\t<div class=\"elementor-widget-container\">\n\t\t\t\t\t\t\t\t\t<p>Globe Dental ist einer der Zahnkliniken in Ungarn, wo Werkzeuge und Materialien Qualit\u00e4t garantieren.<\/p><p>Wir bieten auch komplexe L\u00f6sungen f\u00fcr komplexe Zahnf\u00e4lle an. Normalerweise k\u00f6nnen unsere Patienten aus mehreren Optionen w\u00e4hlen.<\/p><p>Wir begr\u00fc\u00dfen Patienten in der Globe Dental Zahnklinik, die eine langfristige L\u00f6sung suchen und nicht nur der Preis der einzige Grund sind warum sie einen Zahnarzt aufsuchen.<\/p><p>Wir garantieren f\u00fcr unsere Arbeit mit einem zuverl\u00e4ssigen Unternehmenshintergrund, die seit mehr als 10 Jahren besteht.<\/p><p>Sie k\u00f6nnen sich in Zukunft auf uns verlassen, wir werden immer f\u00fcr Sie verf\u00fcgbar sein. Gem\u00e4\u00df den Bestimmungen der Europ\u00e4ischen Union k\u00f6nnen Preise nicht auf der Website angezeigt werden.<\/p>\t\t\t\t\t\t\t\t<\/div>\n\t\t\t\t<\/div>\n\t\t\t\t<div class=\"elementor-element elementor-element-76be1f3 elementor-widget elementor-widget-menu-anchor\" data-id=\"76be1f3\" data-element_type=\"widget\" data-e-type=\"widget\" data-widget_type=\"menu-anchor.default\">\n\t\t\t\t<div class=\"elementor-widget-container\">\n\t\t\t\t\t\t\t<div class=\"elementor-menu-anchor\" id=\"registrieren\"><\/div>\n\t\t\t\t\t\t<\/div>\n\t\t\t\t<\/div>\n\t\t\t\t\t<\/div>\n\t\t<\/div>\n\t\t\t\t\t<\/div>\n\t\t<\/section>\n\t\t\t\t<section class=\"elementor-section elementor-top-section elementor-element elementor-element-77953b51 elementor-hidden-desktop elementor-hidden-tablet elementor-hidden-phone elementor-section-boxed elementor-section-height-default elementor-section-height-default\" data-id=\"77953b51\" data-element_type=\"section\" data-e-type=\"section\" data-settings=\"{&quot;background_background&quot;:&quot;classic&quot;}\">\n\t\t\t\t\t\t\t<div class=\"elementor-background-overlay\"><\/div>\n\t\t\t\t\t\t\t<div class=\"elementor-container elementor-column-gap-default\">\n\t\t\t\t\t<div class=\"elementor-column elementor-col-100 elementor-top-column elementor-element elementor-element-4faed734\" data-id=\"4faed734\" data-element_type=\"column\" data-e-type=\"column\">\n\t\t\t<div class=\"elementor-widget-wrap elementor-element-populated\">\n\t\t\t\t\t\t<div class=\"elementor-element elementor-element-19df8eb8 elementor-invisible elementor-widget elementor-widget-heading\" data-id=\"19df8eb8\" data-element_type=\"widget\" data-e-type=\"widget\" data-settings=\"{&quot;_animation&quot;:&quot;fadeInDown&quot;}\" data-widget_type=\"heading.default\">\n\t\t\t\t<div class=\"elementor-widget-container\">\n\t\t\t\t\t<h2 class=\"elementor-heading-title elementor-size-default\">Wie das funktioniert?<\/h2>\t\t\t\t<\/div>\n\t\t\t\t<\/div>\n\t\t\t\t<section class=\"elementor-section elementor-inner-section elementor-element elementor-element-4b6ee9b6 elementor-section-boxed elementor-section-height-default elementor-section-height-default\" data-id=\"4b6ee9b6\" data-element_type=\"section\" data-e-type=\"section\" data-settings=\"{&quot;background_background&quot;:&quot;classic&quot;}\">\n\t\t\t\t\t\t<div class=\"elementor-container elementor-column-gap-default\">\n\t\t\t\t\t<div class=\"elementor-column elementor-col-100 elementor-inner-column elementor-element elementor-element-4066f6e6\" data-id=\"4066f6e6\" data-element_type=\"column\" data-e-type=\"column\" data-settings=\"{&quot;background_background&quot;:&quot;classic&quot;}\">\n\t\t\t<div class=\"elementor-widget-wrap elementor-element-populated\">\n\t\t\t\t\t\t<div class=\"elementor-element elementor-element-6f5e7d2c elementor-widget elementor-widget-text-editor\" data-id=\"6f5e7d2c\" data-element_type=\"widget\" data-e-type=\"widget\" data-widget_type=\"text-editor.default\">\n\t\t\t\t<div class=\"elementor-widget-container\">\n\t\t\t\t\t\t\t\t\t<ol><li>Wir erstellen f\u00fcr Sie einen vorl\u00e4ufigen Behandlungsplan, den Sie an Ihre Krankenkasse schicken.<\/li><li>Die Krankenkasse best\u00e4tigt den Erhalt der Unterlagen und informiert Sie \u00fcber die H\u00f6he der Unterst\u00fctzung.<\/li><li>Wenn sich Ihr Behandlungsplan \u00e4ndert, erstellen wir ge\u00e4nderte Dokumente f\u00fcr Sie.<\/li><li>Sie zahlen den vollen Betrag der bei uns durchgef\u00fchrten Behandlung und senden Ihre Rechnung an Ihre Krankenkasse.<\/li><li>Die Unterst\u00fctzung wird Ihnen anschlie\u00dfend von Ihrer Krankenkasse ausgezahlt.<\/li><\/ol>\t\t\t\t\t\t\t\t<\/div>\n\t\t\t\t<\/div>\n\t\t\t\t\t<\/div>\n\t\t<\/div>\n\t\t\t\t\t<\/div>\n\t\t<\/section>\n\t\t\t\t\t<\/div>\n\t\t<\/div>\n\t\t\t\t\t<\/div>\n\t\t<\/section>\n\t\t\t\t<\/div>\n\t\t","protected":false},"excerpt":{"rendered":"<p>Preise Sch\u00f6ne Z\u00e4hne \u2013 eine langfristige L\u00f6sung zu einem erschwinglichen Preis Globe Dental ist einer der Zahnkliniken in Ungarn, wo Werkzeuge und Materialien Qualit\u00e4t garantieren. Wir bieten auch komplexe L\u00f6sungen f\u00fcr komplexe Zahnf\u00e4lle an. Normalerweise k\u00f6nnen unsere Patienten aus mehreren Optionen w\u00e4hlen. Wir begr\u00fc\u00dfen Patienten in der Globe Dental Zahnklinik, die eine langfristige L\u00f6sung suchen [&hellip;]<\/p>\n","protected":false},"author":1,"featured_media":0,"parent":0,"menu_order":0,"comment_status":"closed","ping_status":"closed","template":"","meta":{"footnotes":""},"class_list":["post-2844","page","type-page","status-publish","hentry"],"yoast_head":"<!-- This site is optimized with the Yoast SEO plugin v27.2 - https:\/\/yoast.com\/product\/yoast-seo-wordpress\/ -->\n<title>Preise - Zahnklinik Globe Dental Ungarn<\/title>\n<meta name=\"robots\" content=\"index, follow, max-snippet:-1, max-image-preview:large, max-video-preview:-1\" \/>\n<link rel=\"canonical\" href=\"https:\/\/www.globedental.eu\/de\/preise\/\" \/>\n<meta property=\"og:locale\" content=\"hu_HU\" \/>\n<meta property=\"og:type\" content=\"article\" \/>\n<meta property=\"og:title\" content=\"Preise\" \/>\n<meta property=\"og:description\" content=\"Globe Dental Zahnklinik Balatonkenese, Budapest.\" \/>\n<meta property=\"og:url\" content=\"https:\/\/www.globedental.eu\/de\/preise\/\" \/>\n<meta property=\"og:site_name\" content=\"Zahnklinik Globe Dental Ungarn\" \/>\n<meta property=\"article:modified_time\" content=\"2025-11-11T14:33:41+00:00\" \/>\n<meta property=\"og:image\" content=\"https:\/\/www.globedental.eu\/de\/wp-content\/uploads\/2021\/07\/Globe-Dental-Preise.jpg\" \/>\n\t<meta property=\"og:image:width\" content=\"1500\" \/>\n\t<meta property=\"og:image:height\" content=\"1000\" \/>\n\t<meta property=\"og:image:type\" content=\"image\/jpeg\" \/>\n<meta name=\"twitter:card\" content=\"summary_large_image\" \/>\n<meta name=\"twitter:label1\" content=\"Becs\u00fclt olvas\u00e1si id\u0151\" \/>\n\t<meta name=\"twitter:data1\" content=\"1 perc\" \/>\n<script type=\"application\/ld+json\" class=\"yoast-schema-graph\">{\"@context\":\"https:\/\/schema.org\",\"@graph\":[{\"@type\":\"WebPage\",\"@id\":\"https:\/\/www.globedental.eu\/de\/preise\/\",\"url\":\"https:\/\/www.globedental.eu\/de\/preise\/\",\"name\":\"Preise - Zahnklinik Globe Dental Ungarn\",\"isPartOf\":{\"@id\":\"https:\/\/www.globedental.eu\/de\/#website\"},\"datePublished\":\"2020-05-01T08:38:13+00:00\",\"dateModified\":\"2025-11-11T14:33:41+00:00\",\"breadcrumb\":{\"@id\":\"https:\/\/www.globedental.eu\/de\/preise\/#breadcrumb\"},\"inLanguage\":\"hu\",\"potentialAction\":[{\"@type\":\"ReadAction\",\"target\":[\"https:\/\/www.globedental.eu\/de\/preise\/\"]}]},{\"@type\":\"BreadcrumbList\",\"@id\":\"https:\/\/www.globedental.eu\/de\/preise\/#breadcrumb\",\"itemListElement\":[{\"@type\":\"ListItem\",\"position\":1,\"name\":\"Home\",\"item\":\"https:\/\/www.globedental.eu\/de\/\"},{\"@type\":\"ListItem\",\"position\":2,\"name\":\"Preise\"}]},{\"@type\":\"WebSite\",\"@id\":\"https:\/\/www.globedental.eu\/de\/#website\",\"url\":\"https:\/\/www.globedental.eu\/de\/\",\"name\":\"Zahnklinik Globe Dental Ungarn\",\"description\":\"...egy \u00fajabb WordPress honlap...\",\"potentialAction\":[{\"@type\":\"SearchAction\",\"target\":{\"@type\":\"EntryPoint\",\"urlTemplate\":\"https:\/\/www.globedental.eu\/de\/?s={search_term_string}\"},\"query-input\":{\"@type\":\"PropertyValueSpecification\",\"valueRequired\":true,\"valueName\":\"search_term_string\"}}],\"inLanguage\":\"hu\"}]}<\/script>\n<!-- \/ Yoast SEO plugin. -->","yoast_head_json":{"title":"Preise - Zahnklinik Globe Dental Ungarn","robots":{"index":"index","follow":"follow","max-snippet":"max-snippet:-1","max-image-preview":"max-image-preview:large","max-video-preview":"max-video-preview:-1"},"canonical":"https:\/\/www.globedental.eu\/de\/preise\/","og_locale":"hu_HU","og_type":"article","og_title":"Preise","og_description":"Globe Dental Zahnklinik Balatonkenese, Budapest.","og_url":"https:\/\/www.globedental.eu\/de\/preise\/","og_site_name":"Zahnklinik Globe Dental Ungarn","article_modified_time":"2025-11-11T14:33:41+00:00","og_image":[{"width":1500,"height":1000,"url":"https:\/\/www.globedental.eu\/de\/wp-content\/uploads\/2021\/07\/Globe-Dental-Preise.jpg","type":"image\/jpeg"}],"twitter_card":"summary_large_image","twitter_misc":{"Becs\u00fclt olvas\u00e1si id\u0151":"1 perc"},"schema":{"@context":"https:\/\/schema.org","@graph":[{"@type":"WebPage","@id":"https:\/\/www.globedental.eu\/de\/preise\/","url":"https:\/\/www.globedental.eu\/de\/preise\/","name":"Preise - Zahnklinik Globe Dental Ungarn","isPartOf":{"@id":"https:\/\/www.globedental.eu\/de\/#website"},"datePublished":"2020-05-01T08:38:13+00:00","dateModified":"2025-11-11T14:33:41+00:00","breadcrumb":{"@id":"https:\/\/www.globedental.eu\/de\/preise\/#breadcrumb"},"inLanguage":"hu","potentialAction":[{"@type":"ReadAction","target":["https:\/\/www.globedental.eu\/de\/preise\/"]}]},{"@type":"BreadcrumbList","@id":"https:\/\/www.globedental.eu\/de\/preise\/#breadcrumb","itemListElement":[{"@type":"ListItem","position":1,"name":"Home","item":"https:\/\/www.globedental.eu\/de\/"},{"@type":"ListItem","position":2,"name":"Preise"}]},{"@type":"WebSite","@id":"https:\/\/www.globedental.eu\/de\/#website","url":"https:\/\/www.globedental.eu\/de\/","name":"Zahnklinik Globe Dental Ungarn","description":"...egy \u00fajabb WordPress honlap...","potentialAction":[{"@type":"SearchAction","target":{"@type":"EntryPoint","urlTemplate":"https:\/\/www.globedental.eu\/de\/?s={search_term_string}"},"query-input":{"@type":"PropertyValueSpecification","valueRequired":true,"valueName":"search_term_string"}}],"inLanguage":"hu"}]}},"_links":{"self":[{"href":"https:\/\/www.globedental.eu\/de\/wp-json\/wp\/v2\/pages\/2844","targetHints":{"allow":["GET"]}}],"collection":[{"href":"https:\/\/www.globedental.eu\/de\/wp-json\/wp\/v2\/pages"}],"about":[{"href":"https:\/\/www.globedental.eu\/de\/wp-json\/wp\/v2\/types\/page"}],"author":[{"embeddable":true,"href":"https:\/\/www.globedental.eu\/de\/wp-json\/wp\/v2\/users\/1"}],"replies":[{"embeddable":true,"href":"https:\/\/www.globedental.eu\/de\/wp-json\/wp\/v2\/comments?post=2844"}],"version-history":[{"count":66,"href":"https:\/\/www.globedental.eu\/de\/wp-json\/wp\/v2\/pages\/2844\/revisions"}],"predecessor-version":[{"id":19496,"href":"https:\/\/www.globedental.eu\/de\/wp-json\/wp\/v2\/pages\/2844\/revisions\/19496"}],"wp:attachment":[{"href":"https:\/\/www.globedental.eu\/de\/wp-json\/wp\/v2\/media?parent=2844"}],"curies":[{"name":"wp","href":"https:\/\/api.w.org\/{rel}","templated":true}]}}