{"id":8120,"date":"2021-07-15T13:24:25","date_gmt":"2021-07-15T13:24:25","guid":{"rendered":"https:\/\/www.globedental.eu\/de\/?page_id=8120"},"modified":"2025-11-11T14:12:34","modified_gmt":"2025-11-11T14:12:34","slug":"kostenplan","status":"publish","type":"page","link":"https:\/\/www.globedental.eu\/de\/kostenplan\/","title":{"rendered":"Kostenplan"},"content":{"rendered":"\t\t<div data-elementor-type=\"wp-page\" data-elementor-id=\"8120\" class=\"elementor elementor-8120\" data-elementor-post-type=\"page\">\n\t\t\t\t\t\t<section class=\"elementor-section elementor-top-section elementor-element elementor-element-69a51e0b elementor-section-height-min-height elementor-section-boxed elementor-section-height-default elementor-section-items-middle\" data-id=\"69a51e0b\" data-element_type=\"section\" data-e-type=\"section\" data-settings=\"{&quot;background_background&quot;:&quot;classic&quot;}\">\n\t\t\t\t\t\t\t<div class=\"elementor-background-overlay\"><\/div>\n\t\t\t\t\t\t\t<div class=\"elementor-container elementor-column-gap-default\">\n\t\t\t\t\t<div class=\"elementor-column elementor-col-100 elementor-top-column elementor-element elementor-element-2bdff30\" data-id=\"2bdff30\" data-element_type=\"column\" data-e-type=\"column\">\n\t\t\t<div class=\"elementor-widget-wrap elementor-element-populated\">\n\t\t\t\t\t\t<div class=\"elementor-element elementor-element-60cc4f3d elementor-invisible elementor-widget elementor-widget-heading\" data-id=\"60cc4f3d\" data-element_type=\"widget\" data-e-type=\"widget\" data-settings=\"{&quot;_animation&quot;:&quot;fadeInDown&quot;}\" data-widget_type=\"heading.default\">\n\t\t\t\t<div class=\"elementor-widget-container\">\n\t\t\t\t\t<h1 class=\"elementor-heading-title elementor-size-default\">Kostenplan<\/h1>\t\t\t\t<\/div>\n\t\t\t\t<\/div>\n\t\t\t\t\t<\/div>\n\t\t<\/div>\n\t\t\t\t\t<\/div>\n\t\t<\/section>\n\t\t\t\t<section class=\"elementor-section elementor-top-section elementor-element elementor-element-22de240 elementor-section-boxed elementor-section-height-default elementor-section-height-default\" data-id=\"22de240\" data-element_type=\"section\" data-e-type=\"section\">\n\t\t\t\t\t\t<div class=\"elementor-container elementor-column-gap-default\">\n\t\t\t\t\t<div class=\"elementor-column elementor-col-50 elementor-top-column elementor-element elementor-element-51280deb\" data-id=\"51280deb\" data-element_type=\"column\" data-e-type=\"column\">\n\t\t\t<div class=\"elementor-widget-wrap elementor-element-populated\">\n\t\t\t\t\t\t<div class=\"elementor-element elementor-element-6f11a239 elementor-invisible elementor-widget elementor-widget-heading\" data-id=\"6f11a239\" data-element_type=\"widget\" data-e-type=\"widget\" data-settings=\"{&quot;_animation&quot;:&quot;fadeInDown&quot;}\" data-widget_type=\"heading.default\">\n\t\t\t\t<div class=\"elementor-widget-container\">\n\t\t\t\t\t<h2 class=\"elementor-heading-title elementor-size-default\">Die Kosten sind f\u00fcr jeden wichtig<\/h2>\t\t\t\t<\/div>\n\t\t\t\t<\/div>\n\t\t\t\t<div class=\"elementor-element elementor-element-180de58e elementor-widget-divider--view-line elementor-widget elementor-widget-divider\" data-id=\"180de58e\" data-element_type=\"widget\" data-e-type=\"widget\" data-widget_type=\"divider.default\">\n\t\t\t\t<div class=\"elementor-widget-container\">\n\t\t\t\t\t\t\t<div class=\"elementor-divider\">\n\t\t\t<span class=\"elementor-divider-separator\">\n\t\t\t\t\t\t<\/span>\n\t\t<\/div>\n\t\t\t\t\t\t<\/div>\n\t\t\t\t<\/div>\n\t\t\t\t<div class=\"elementor-element elementor-element-56b2abbb elementor-widget elementor-widget-text-editor\" data-id=\"56b2abbb\" data-element_type=\"widget\" data-e-type=\"widget\" data-widget_type=\"text-editor.default\">\n\t\t\t\t<div class=\"elementor-widget-container\">\n\t\t\t\t\t\t\t\t\t<p>M\u00f6chten Sie wissen, wie viel die Zahnbehandlungen in Ungarn kosten w\u00fcrden?\u00a0Jetzt k\u00f6nnen Sie es\u00a0<strong>sicher und bequem online von zu Hause<\/strong>\u00a0aus erfahren.<\/p><p>Vielleicht haben sie jetzt unerwartet Zeit, sich Gedanken \u00fcber die Gesundheit und \u00c4sthetik Ihrer Z\u00e4hne zu machen.\u00a0Wir k\u00f6nnen Ihnen dabei helfen, den ersten Schritt von zu Hause aus zu machen.<\/p><p>Wir haben f\u00fcr Interessenten ein Informationssystem entwickelt, mit dem sie sich vorab \u00fcber unsere Preise informieren k\u00f6nnen. Holen Sie sich jetzt von zu Hause die Informationen, die sie f\u00fcr eine Zahnbehandlung in Ungarn ben\u00f6tigen.<\/p>\t\t\t\t\t\t\t\t<\/div>\n\t\t\t\t<\/div>\n\t\t\t\t\t<\/div>\n\t\t<\/div>\n\t\t\t\t<div class=\"elementor-column elementor-col-50 elementor-top-column elementor-element elementor-element-7ba2e7c9\" data-id=\"7ba2e7c9\" data-element_type=\"column\" data-e-type=\"column\">\n\t\t\t<div class=\"elementor-widget-wrap elementor-element-populated\">\n\t\t\t\t\t\t<div class=\"elementor-element elementor-element-7ff6afe7 elementor-widget elementor-widget-image\" data-id=\"7ff6afe7\" data-element_type=\"widget\" data-e-type=\"widget\" data-widget_type=\"image.default\">\n\t\t\t\t<div class=\"elementor-widget-container\">\n\t\t\t\t\t\t\t\t\t\t\t\t\t\t\t<img fetchpriority=\"high\" decoding=\"async\" width=\"800\" height=\"534\" src=\"https:\/\/www.globedental.eu\/de\/wp-content\/uploads\/2021\/07\/Globe-Dental-Szajsebeszet-1024x683.jpg\" class=\"attachment-large size-large wp-image-7892\" alt=\"\" srcset=\"https:\/\/www.globedental.eu\/de\/wp-content\/uploads\/2021\/07\/Globe-Dental-Szajsebeszet-1024x683.jpg 1024w, https:\/\/www.globedental.eu\/de\/wp-content\/uploads\/2021\/07\/Globe-Dental-Szajsebeszet-300x200.jpg 300w, https:\/\/www.globedental.eu\/de\/wp-content\/uploads\/2021\/07\/Globe-Dental-Szajsebeszet-768x512.jpg 768w, https:\/\/www.globedental.eu\/de\/wp-content\/uploads\/2021\/07\/Globe-Dental-Szajsebeszet.jpg 1500w\" sizes=\"(max-width: 800px) 100vw, 800px\" \/>\t\t\t\t\t\t\t\t\t\t\t\t\t\t\t<\/div>\n\t\t\t\t<\/div>\n\t\t\t\t\t<\/div>\n\t\t<\/div>\n\t\t\t\t\t<\/div>\n\t\t<\/section>\n\t\t\t\t<section class=\"elementor-section elementor-top-section elementor-element elementor-element-216ac04f elementor-section-boxed elementor-section-height-default elementor-section-height-default\" data-id=\"216ac04f\" data-element_type=\"section\" data-e-type=\"section\" data-settings=\"{&quot;background_background&quot;:&quot;classic&quot;}\">\n\t\t\t\t\t\t\t<div class=\"elementor-background-overlay\"><\/div>\n\t\t\t\t\t\t\t<div class=\"elementor-container elementor-column-gap-default\">\n\t\t\t\t\t<div class=\"elementor-column elementor-col-100 elementor-top-column elementor-element elementor-element-2575d13e\" data-id=\"2575d13e\" data-element_type=\"column\" data-e-type=\"column\">\n\t\t\t<div class=\"elementor-widget-wrap elementor-element-populated\">\n\t\t\t\t\t\t<section class=\"elementor-section elementor-inner-section elementor-element elementor-element-12972e7c elementor-section-boxed elementor-section-height-default elementor-section-height-default\" data-id=\"12972e7c\" data-element_type=\"section\" data-e-type=\"section\">\n\t\t\t\t\t\t<div class=\"elementor-container elementor-column-gap-default\">\n\t\t\t\t\t<div class=\"elementor-column elementor-col-100 elementor-inner-column elementor-element elementor-element-50cc3dc1\" data-id=\"50cc3dc1\" data-element_type=\"column\" data-e-type=\"column\" data-settings=\"{&quot;background_background&quot;:&quot;classic&quot;}\">\n\t\t\t<div class=\"elementor-widget-wrap elementor-element-populated\">\n\t\t\t\t\t\t<div class=\"elementor-element elementor-element-5bf3bfb9 elementor-invisible elementor-widget elementor-widget-heading\" data-id=\"5bf3bfb9\" data-element_type=\"widget\" data-e-type=\"widget\" data-settings=\"{&quot;_animation&quot;:&quot;fadeInDown&quot;}\" data-widget_type=\"heading.default\">\n\t\t\t\t<div class=\"elementor-widget-container\">\n\t\t\t\t\t<h2 class=\"elementor-heading-title elementor-size-default\">Wor\u00fcber wir Sie im Voraus informieren k\u00f6nnen:<\/h2>\t\t\t\t<\/div>\n\t\t\t\t<\/div>\n\t\t\t\t<div class=\"elementor-element elementor-element-5fa64d5a elementor-widget elementor-widget-text-editor\" data-id=\"5fa64d5a\" data-element_type=\"widget\" data-e-type=\"widget\" data-widget_type=\"text-editor.default\">\n\t\t\t\t<div class=\"elementor-widget-container\">\n\t\t\t\t\t\t\t\t\t<ol><li>Was sind die M\u00f6glichkeiten f\u00fcr zahn\u00e4rztliche Behandlungen?<\/li><li>Wie sehen die Kosten aus?<\/li><li>Wie lange w\u00e4re die Aufenthaltsdauer in Ungarn?<\/li><\/ol>\t\t\t\t\t\t\t\t<\/div>\n\t\t\t\t<\/div>\n\t\t\t\t\t<\/div>\n\t\t<\/div>\n\t\t\t\t\t<\/div>\n\t\t<\/section>\n\t\t\t\t<section class=\"elementor-section elementor-inner-section elementor-element elementor-element-6e731cb1 elementor-section-boxed elementor-section-height-default elementor-section-height-default\" data-id=\"6e731cb1\" data-element_type=\"section\" data-e-type=\"section\">\n\t\t\t\t\t\t<div class=\"elementor-container elementor-column-gap-default\">\n\t\t\t\t\t<div class=\"elementor-column elementor-col-100 elementor-inner-column elementor-element elementor-element-3b192f32\" data-id=\"3b192f32\" data-element_type=\"column\" data-e-type=\"column\" data-settings=\"{&quot;background_background&quot;:&quot;classic&quot;}\">\n\t\t\t<div class=\"elementor-widget-wrap elementor-element-populated\">\n\t\t\t\t\t\t<div class=\"elementor-element elementor-element-78ca3a45 elementor-invisible elementor-widget elementor-widget-heading\" data-id=\"78ca3a45\" data-element_type=\"widget\" data-e-type=\"widget\" data-settings=\"{&quot;_animation&quot;:&quot;fadeInDown&quot;}\" data-widget_type=\"heading.default\">\n\t\t\t\t<div class=\"elementor-widget-container\">\n\t\t\t\t\t<h2 class=\"elementor-heading-title elementor-size-default\">Sieben Dinge, die Sie \u00fcber die Globe Dental Zahnklinik wissen sollten:<\/h2>\t\t\t\t<\/div>\n\t\t\t\t<\/div>\n\t\t\t\t<div class=\"elementor-element elementor-element-477cf834 elementor-widget elementor-widget-text-editor\" data-id=\"477cf834\" data-element_type=\"widget\" data-e-type=\"widget\" data-widget_type=\"text-editor.default\">\n\t\t\t\t<div class=\"elementor-widget-container\">\n\t\t\t\t\t\t\t\t\t<ol><li>Sie finden <strong>L\u00f6sung<\/strong>\u00a0<strong>f\u00fcr alle Ihre Zahnprobleme:<\/strong> von der Prothese bis hin zur hochwertigen Implantation.<\/li><li>Wir behandeln seit mehr als 13 Jahren \u00f6sterreichische, deutsche und italienische Patienten.<\/li><li>Unser Team besteht aus mehr als 50 erfahrenen\u00a0Zahn\u00e4rzten, Kieferchirurgen, An\u00e4sthesisten und Assistentinnen.<\/li><li><strong>Zwei Zahnkliniken<\/strong> an zwei Standorten, n\u00e4mlich in Balatonkenese\u00a0<strong>am Plattensee und in Budapest.<\/strong><\/li><li>Wir \u00fcbernehmen eine <strong>schriftliche Garantie<\/strong>.<\/li><li><strong>D\u00e4mmerschlaf<\/strong> und Narkose speziell f\u00fcr Angst-Patienten.<\/li><li>Unsere freundlichen Mitarbeiter sprechen auch <strong>Deutsch<\/strong>.<\/li><\/ol>\t\t\t\t\t\t\t\t<\/div>\n\t\t\t\t<\/div>\n\t\t\t\t\t<\/div>\n\t\t<\/div>\n\t\t\t\t\t<\/div>\n\t\t<\/section>\n\t\t\t\t\t<\/div>\n\t\t<\/div>\n\t\t\t\t\t<\/div>\n\t\t<\/section>\n\t\t\t\t<\/div>\n\t\t","protected":false},"excerpt":{"rendered":"<p>Kostenplan Die Kosten sind f\u00fcr jeden wichtig M\u00f6chten Sie wissen, wie viel die Zahnbehandlungen in Ungarn kosten w\u00fcrden?\u00a0Jetzt k\u00f6nnen Sie es\u00a0sicher und bequem online von zu Hause\u00a0aus erfahren. Vielleicht haben sie jetzt unerwartet Zeit, sich Gedanken \u00fcber die Gesundheit und \u00c4sthetik Ihrer Z\u00e4hne zu machen.\u00a0Wir k\u00f6nnen Ihnen dabei helfen, den ersten Schritt von zu Hause [&hellip;]<\/p>\n","protected":false},"author":1,"featured_media":0,"parent":0,"menu_order":0,"comment_status":"closed","ping_status":"closed","template":"","meta":{"footnotes":""},"class_list":["post-8120","page","type-page","status-publish","hentry"],"yoast_head":"<!-- This site is optimized with the Yoast SEO plugin v27.2 - https:\/\/yoast.com\/product\/yoast-seo-wordpress\/ -->\n<title>Kostenplan - Zahnklinik Globe Dental Ungarn<\/title>\n<meta name=\"robots\" content=\"index, follow, max-snippet:-1, max-image-preview:large, max-video-preview:-1\" \/>\n<link rel=\"canonical\" href=\"https:\/\/www.globedental.eu\/de\/kostenplan\/\" \/>\n<meta property=\"og:locale\" content=\"hu_HU\" \/>\n<meta property=\"og:type\" content=\"article\" \/>\n<meta property=\"og:title\" content=\"Kostenplan\" \/>\n<meta property=\"og:description\" content=\"Globe Dental Zahnklinik Balatonkenese, Budapest.\" \/>\n<meta property=\"og:url\" content=\"https:\/\/www.globedental.eu\/de\/kostenplan\/\" \/>\n<meta property=\"og:site_name\" content=\"Zahnklinik Globe Dental Ungarn\" \/>\n<meta property=\"article:modified_time\" content=\"2025-11-11T14:12:34+00:00\" \/>\n<meta property=\"og:image\" content=\"https:\/\/www.globedental.eu\/de\/wp-content\/uploads\/2021\/07\/Globe-Dental-Kostenplan.jpg\" \/>\n\t<meta property=\"og:image:width\" content=\"1500\" \/>\n\t<meta property=\"og:image:height\" content=\"1000\" \/>\n\t<meta property=\"og:image:type\" content=\"image\/jpeg\" \/>\n<meta name=\"twitter:card\" content=\"summary_large_image\" \/>\n<meta name=\"twitter:label1\" content=\"Becs\u00fclt olvas\u00e1si id\u0151\" \/>\n\t<meta name=\"twitter:data1\" content=\"2 perc\" \/>\n<script type=\"application\/ld+json\" class=\"yoast-schema-graph\">{\"@context\":\"https:\/\/schema.org\",\"@graph\":[{\"@type\":\"WebPage\",\"@id\":\"https:\/\/www.globedental.eu\/de\/kostenplan\/\",\"url\":\"https:\/\/www.globedental.eu\/de\/kostenplan\/\",\"name\":\"Kostenplan - Zahnklinik Globe Dental Ungarn\",\"isPartOf\":{\"@id\":\"https:\/\/www.globedental.eu\/de\/#website\"},\"primaryImageOfPage\":{\"@id\":\"https:\/\/www.globedental.eu\/de\/kostenplan\/#primaryimage\"},\"image\":{\"@id\":\"https:\/\/www.globedental.eu\/de\/kostenplan\/#primaryimage\"},\"thumbnailUrl\":\"https:\/\/www.globedental.eu\/de\/wp-content\/uploads\/2021\/07\/Globe-Dental-Szajsebeszet-1024x683.jpg\",\"datePublished\":\"2021-07-15T13:24:25+00:00\",\"dateModified\":\"2025-11-11T14:12:34+00:00\",\"breadcrumb\":{\"@id\":\"https:\/\/www.globedental.eu\/de\/kostenplan\/#breadcrumb\"},\"inLanguage\":\"hu\",\"potentialAction\":[{\"@type\":\"ReadAction\",\"target\":[\"https:\/\/www.globedental.eu\/de\/kostenplan\/\"]}]},{\"@type\":\"ImageObject\",\"inLanguage\":\"hu\",\"@id\":\"https:\/\/www.globedental.eu\/de\/kostenplan\/#primaryimage\",\"url\":\"https:\/\/www.globedental.eu\/de\/wp-content\/uploads\/2021\/07\/Globe-Dental-Szajsebeszet.jpg\",\"contentUrl\":\"https:\/\/www.globedental.eu\/de\/wp-content\/uploads\/2021\/07\/Globe-Dental-Szajsebeszet.jpg\",\"width\":1500,\"height\":1000},{\"@type\":\"BreadcrumbList\",\"@id\":\"https:\/\/www.globedental.eu\/de\/kostenplan\/#breadcrumb\",\"itemListElement\":[{\"@type\":\"ListItem\",\"position\":1,\"name\":\"Home\",\"item\":\"https:\/\/www.globedental.eu\/de\/\"},{\"@type\":\"ListItem\",\"position\":2,\"name\":\"Kostenplan\"}]},{\"@type\":\"WebSite\",\"@id\":\"https:\/\/www.globedental.eu\/de\/#website\",\"url\":\"https:\/\/www.globedental.eu\/de\/\",\"name\":\"Zahnklinik Globe Dental Ungarn\",\"description\":\"...egy \u00fajabb WordPress honlap...\",\"potentialAction\":[{\"@type\":\"SearchAction\",\"target\":{\"@type\":\"EntryPoint\",\"urlTemplate\":\"https:\/\/www.globedental.eu\/de\/?s={search_term_string}\"},\"query-input\":{\"@type\":\"PropertyValueSpecification\",\"valueRequired\":true,\"valueName\":\"search_term_string\"}}],\"inLanguage\":\"hu\"}]}<\/script>\n<!-- \/ Yoast SEO plugin. -->","yoast_head_json":{"title":"Kostenplan - Zahnklinik Globe Dental Ungarn","robots":{"index":"index","follow":"follow","max-snippet":"max-snippet:-1","max-image-preview":"max-image-preview:large","max-video-preview":"max-video-preview:-1"},"canonical":"https:\/\/www.globedental.eu\/de\/kostenplan\/","og_locale":"hu_HU","og_type":"article","og_title":"Kostenplan","og_description":"Globe Dental Zahnklinik Balatonkenese, Budapest.","og_url":"https:\/\/www.globedental.eu\/de\/kostenplan\/","og_site_name":"Zahnklinik Globe Dental Ungarn","article_modified_time":"2025-11-11T14:12:34+00:00","og_image":[{"width":1500,"height":1000,"url":"https:\/\/www.globedental.eu\/de\/wp-content\/uploads\/2021\/07\/Globe-Dental-Kostenplan.jpg","type":"image\/jpeg"}],"twitter_card":"summary_large_image","twitter_misc":{"Becs\u00fclt olvas\u00e1si id\u0151":"2 perc"},"schema":{"@context":"https:\/\/schema.org","@graph":[{"@type":"WebPage","@id":"https:\/\/www.globedental.eu\/de\/kostenplan\/","url":"https:\/\/www.globedental.eu\/de\/kostenplan\/","name":"Kostenplan - Zahnklinik Globe Dental Ungarn","isPartOf":{"@id":"https:\/\/www.globedental.eu\/de\/#website"},"primaryImageOfPage":{"@id":"https:\/\/www.globedental.eu\/de\/kostenplan\/#primaryimage"},"image":{"@id":"https:\/\/www.globedental.eu\/de\/kostenplan\/#primaryimage"},"thumbnailUrl":"https:\/\/www.globedental.eu\/de\/wp-content\/uploads\/2021\/07\/Globe-Dental-Szajsebeszet-1024x683.jpg","datePublished":"2021-07-15T13:24:25+00:00","dateModified":"2025-11-11T14:12:34+00:00","breadcrumb":{"@id":"https:\/\/www.globedental.eu\/de\/kostenplan\/#breadcrumb"},"inLanguage":"hu","potentialAction":[{"@type":"ReadAction","target":["https:\/\/www.globedental.eu\/de\/kostenplan\/"]}]},{"@type":"ImageObject","inLanguage":"hu","@id":"https:\/\/www.globedental.eu\/de\/kostenplan\/#primaryimage","url":"https:\/\/www.globedental.eu\/de\/wp-content\/uploads\/2021\/07\/Globe-Dental-Szajsebeszet.jpg","contentUrl":"https:\/\/www.globedental.eu\/de\/wp-content\/uploads\/2021\/07\/Globe-Dental-Szajsebeszet.jpg","width":1500,"height":1000},{"@type":"BreadcrumbList","@id":"https:\/\/www.globedental.eu\/de\/kostenplan\/#breadcrumb","itemListElement":[{"@type":"ListItem","position":1,"name":"Home","item":"https:\/\/www.globedental.eu\/de\/"},{"@type":"ListItem","position":2,"name":"Kostenplan"}]},{"@type":"WebSite","@id":"https:\/\/www.globedental.eu\/de\/#website","url":"https:\/\/www.globedental.eu\/de\/","name":"Zahnklinik Globe Dental Ungarn","description":"...egy \u00fajabb WordPress honlap...","potentialAction":[{"@type":"SearchAction","target":{"@type":"EntryPoint","urlTemplate":"https:\/\/www.globedental.eu\/de\/?s={search_term_string}"},"query-input":{"@type":"PropertyValueSpecification","valueRequired":true,"valueName":"search_term_string"}}],"inLanguage":"hu"}]}},"_links":{"self":[{"href":"https:\/\/www.globedental.eu\/de\/wp-json\/wp\/v2\/pages\/8120","targetHints":{"allow":["GET"]}}],"collection":[{"href":"https:\/\/www.globedental.eu\/de\/wp-json\/wp\/v2\/pages"}],"about":[{"href":"https:\/\/www.globedental.eu\/de\/wp-json\/wp\/v2\/types\/page"}],"author":[{"embeddable":true,"href":"https:\/\/www.globedental.eu\/de\/wp-json\/wp\/v2\/users\/1"}],"replies":[{"embeddable":true,"href":"https:\/\/www.globedental.eu\/de\/wp-json\/wp\/v2\/comments?post=8120"}],"version-history":[{"count":96,"href":"https:\/\/www.globedental.eu\/de\/wp-json\/wp\/v2\/pages\/8120\/revisions"}],"predecessor-version":[{"id":19472,"href":"https:\/\/www.globedental.eu\/de\/wp-json\/wp\/v2\/pages\/8120\/revisions\/19472"}],"wp:attachment":[{"href":"https:\/\/www.globedental.eu\/de\/wp-json\/wp\/v2\/media?parent=8120"}],"curies":[{"name":"wp","href":"https:\/\/api.w.org\/{rel}","templated":true}]}}